{"id":3696,"date":"2022-09-29T05:51:54","date_gmt":"2022-09-29T05:51:54","guid":{"rendered":"https:\/\/www.enelsatarim.com\/?post_type=product&#038;p=3696"},"modified":"2023-02-08T12:18:24","modified_gmt":"2023-02-08T12:18:24","slug":"algimax07","status":"publish","type":"product","link":"https:\/\/www.enelsatarim.com\/en\/urun\/algimax07\/","title":{"rendered":"ALGIMAX07"},"content":{"rendered":"<p class=\"p1\"><b>Faydalar\u0131<\/b><\/p>\n<p class=\"p1\">Bitkinin s\u0131cak, kurakl\u0131k ve tuzluluk gibi abiyotik stres ko\u015fullar\u0131yla ba\u015fa \u00e7\u0131kmas\u0131na destek olur.<\/p>\n<p class=\"p1\">Pestisitlerle birlikte kullan\u0131ld\u0131\u011f\u0131nda pestisitlerin bitki \u00fczerinde yaratt\u0131\u011f\u0131 stresin at\u0131lmas\u0131na yard\u0131mc\u0131 olur.<\/p>\n<p>&nbsp;<\/p>\n<div class=\"table-responsive\">\n<table class=\"table table-striped\">\n<tbody>\n<tr>\n<td><strong>Garanti Edilen \u0130\u00e7erik<\/strong><\/td>\n<td><strong>%w\/w<\/strong><\/td>\n<\/tr>\n<tr>\n<td>Organik Madde<\/td>\n<td>14<\/td>\n<\/tr>\n<tr>\n<td>Suda \u00c7\u00f6z\u00fcn\u00fcr Potasyum Oksit (K2O)<\/td>\n<td>1<\/td>\n<\/tr>\n<tr>\n<td>Alginik Asit<\/td>\n<td>0,3<\/td>\n<\/tr>\n<tr>\n<td>EC<\/td>\n<td>1,3 (dS\/M)<\/td>\n<\/tr>\n<tr>\n<td>pH<\/td>\n<td>5-7<\/td>\n<\/tr>\n<\/tbody>\n<\/table>\n<p>&nbsp;<\/p>\n<p class=\"p1\"><b>Ambalaj Ebatlar\u0131<\/b><\/p>\n<p class=\"p1\">1 Litre<\/p>\n<p class=\"p1\">5 Litre<\/p>\n<p class=\"p1\">15 Litre<\/p>\n<p class=\"p1\">20 Litre<\/p>\n<p>&nbsp;<\/p>\n<p class=\"p1\"><b>Kullan\u0131m D\u00f6nemi ve Dozaj\u0131<\/b><\/p>\n<p class=\"p1\">\u00d6zellikle ila\u00e7lamalar ile birlikte bitkinin her d\u00f6neminde<span class=\"Apple-converted-space\">\u00a0<\/span><\/p>\n<p class=\"p1\">Yapraktan 150-200 cc\/da<\/p>\n<\/div>\n","protected":false},"excerpt":{"rendered":"<p class=\"p1\">Bitkinin s\u0131cak, kurakl\u0131k ve tuzluluk gibi abiyotik stres ko\u015fullar\u0131yla ba\u015fa \u00e7\u0131kmas\u0131na destek olur.<\/p>\n<p class=\"p1\">Pestisitlerle birlikte kullan\u0131ld\u0131\u011f\u0131nda pestisitlerin bitki \u00fczerinde yaratt\u0131\u011f\u0131 stresin at\u0131lmas\u0131na yard\u0131mc\u0131 olur.<\/p>\n","protected":false},"featured_media":3697,"template":"","meta":{"_acf_changed":false,"content-type":""},"product_brand":[],"product_cat":[76],"product_tag":[],"class_list":{"0":"post-3696","1":"product","2":"type-product","3":"status-publish","4":"has-post-thumbnail","6":"product_cat-bitki-besleme","8":"first","9":"instock","10":"shipping-taxable","11":"purchasable","12":"product-type-simple"},"acf":[],"_links":{"self":[{"href":"https:\/\/www.enelsatarim.com\/en\/wp-json\/wp\/v2\/product\/3696","targetHints":{"allow":["GET"]}}],"collection":[{"href":"https:\/\/www.enelsatarim.com\/en\/wp-json\/wp\/v2\/product"}],"about":[{"href":"https:\/\/www.enelsatarim.com\/en\/wp-json\/wp\/v2\/types\/product"}],"wp:featuredmedia":[{"embeddable":true,"href":"https:\/\/www.enelsatarim.com\/en\/wp-json\/wp\/v2\/media\/3697"}],"wp:attachment":[{"href":"https:\/\/www.enelsatarim.com\/en\/wp-json\/wp\/v2\/media?parent=3696"}],"wp:term":[{"taxonomy":"product_brand","embeddable":true,"href":"https:\/\/www.enelsatarim.com\/en\/wp-json\/wp\/v2\/product_brand?post=3696"},{"taxonomy":"product_cat","embeddable":true,"href":"https:\/\/www.enelsatarim.com\/en\/wp-json\/wp\/v2\/product_cat?post=3696"},{"taxonomy":"product_tag","embeddable":true,"href":"https:\/\/www.enelsatarim.com\/en\/wp-json\/wp\/v2\/product_tag?post=3696"}],"curies":[{"name":"wp","href":"https:\/\/api.w.org\/{rel}","templated":true}]}}