{"id":3699,"date":"2022-09-29T05:56:58","date_gmt":"2022-09-29T05:56:58","guid":{"rendered":"https:\/\/www.enelsatarim.com\/?post_type=product&#038;p=3699"},"modified":"2022-09-29T06:29:16","modified_gmt":"2022-09-29T06:29:16","slug":"balancemax07","status":"publish","type":"product","link":"https:\/\/www.enelsatarim.com\/en\/urun\/balancemax07\/","title":{"rendered":"BALANCEMAX07"},"content":{"rendered":"<p class=\"p1\"><b>Faydalar\u0131<\/b><\/p>\n<p class=\"p1\">Yeni nesil dengeli g\u00fcbredir.<span class=\"Apple-converted-space\">\u00a0<\/span><\/p>\n<p class=\"p1\">Bitkinin yaprak, g\u00f6vde, k\u00f6k ve meyve geli\u015fimine yard\u0131mc\u0131 olur.<\/p>\n<p>&nbsp;<\/p>\n<div class=\"table-responsive\">\n<table class=\"table table-striped\">\n<tbody>\n<tr>\n<td><strong>Garanti Edilen \u0130\u00e7erik<\/strong><\/td>\n<td><strong>%w\/w<\/strong><\/td>\n<\/tr>\n<tr>\n<td>Toplam Azot(N)<\/td>\n<td>7<\/td>\n<\/tr>\n<tr>\n<td>\u00dcre Azotu(NH2-N)<\/td>\n<td>7<\/td>\n<\/tr>\n<tr>\n<td>Suda \u00c7\u00f6z\u00fcn\u00fcr Fosfor Pentaoksit(P2O5)<\/td>\n<td>7<\/td>\n<\/tr>\n<tr>\n<td>Suda \u00c7\u00f6z\u00fcn\u00fcr Potasyum Oksit(K2O)<\/td>\n<td>7<\/td>\n<\/tr>\n<\/tbody>\n<\/table>\n<p>&nbsp;<\/p>\n<p class=\"p1\"><b>Ambalaj Ebatlar\u0131<\/b><\/p>\n<p class=\"p1\">1 Litre<\/p>\n<p class=\"p1\">5 Litre<\/p>\n<p class=\"p1\">15 Litre<\/p>\n<p class=\"p1\">20 Litre<\/p>\n<p>&nbsp;<\/p>\n<p class=\"p1\"><b>Kullan\u0131m D\u00f6nemi ve Dozaj\u0131<\/b><\/p>\n<p class=\"p1\">\u00d6zellikle ila\u00e7lamalar ile birlikte bitkinin her d\u00f6neminde<span class=\"Apple-converted-space\">\u00a0<\/span><\/p>\n<p class=\"p1\">Yapraktan 150-200 cc\/da<\/p>\n<\/div>\n","protected":false},"excerpt":{"rendered":"<p class=\"p1\">Yeni nesil dengeli g\u00fcbredir.<span class=\"Apple-converted-space\">\u00a0<\/span><\/p>\n<p class=\"p1\">Bitkinin yaprak, g\u00f6vde, k\u00f6k ve meyve geli\u015fimine yard\u0131mc\u0131 olur.<\/p>\n","protected":false},"featured_media":3700,"template":"","meta":{"_acf_changed":false,"content-type":""},"product_brand":[],"product_cat":[76],"product_tag":[],"class_list":{"0":"post-3699","1":"product","2":"type-product","3":"status-publish","4":"has-post-thumbnail","6":"product_cat-bitki-besleme","8":"first","9":"instock","10":"shipping-taxable","11":"purchasable","12":"product-type-simple"},"acf":[],"_links":{"self":[{"href":"https:\/\/www.enelsatarim.com\/en\/wp-json\/wp\/v2\/product\/3699","targetHints":{"allow":["GET"]}}],"collection":[{"href":"https:\/\/www.enelsatarim.com\/en\/wp-json\/wp\/v2\/product"}],"about":[{"href":"https:\/\/www.enelsatarim.com\/en\/wp-json\/wp\/v2\/types\/product"}],"wp:featuredmedia":[{"embeddable":true,"href":"https:\/\/www.enelsatarim.com\/en\/wp-json\/wp\/v2\/media\/3700"}],"wp:attachment":[{"href":"https:\/\/www.enelsatarim.com\/en\/wp-json\/wp\/v2\/media?parent=3699"}],"wp:term":[{"taxonomy":"product_brand","embeddable":true,"href":"https:\/\/www.enelsatarim.com\/en\/wp-json\/wp\/v2\/product_brand?post=3699"},{"taxonomy":"product_cat","embeddable":true,"href":"https:\/\/www.enelsatarim.com\/en\/wp-json\/wp\/v2\/product_cat?post=3699"},{"taxonomy":"product_tag","embeddable":true,"href":"https:\/\/www.enelsatarim.com\/en\/wp-json\/wp\/v2\/product_tag?post=3699"}],"curies":[{"name":"wp","href":"https:\/\/api.w.org\/{rel}","templated":true}]}}