{"id":3702,"date":"2022-09-29T06:01:15","date_gmt":"2022-09-29T06:01:15","guid":{"rendered":"https:\/\/www.enelsatarim.com\/?post_type=product&#038;p=3702"},"modified":"2022-09-29T06:21:02","modified_gmt":"2022-09-29T06:21:02","slug":"balancemax18","status":"publish","type":"product","link":"https:\/\/www.enelsatarim.com\/en\/urun\/balancemax18\/","title":{"rendered":"BALANCEMAX18"},"content":{"rendered":"<p class=\"p1\"><b>Faydalar\u0131<\/b><\/p>\n<p class=\"p1\">Her d\u00f6nem kullan\u0131labilecek dengeli bir bile\u015fimdir. Klor i\u00e7ermez.<\/p>\n<p>&nbsp;<\/p>\n<div class=\"table-responsive\">\n<table class=\"table table-striped\">\n<tbody>\n<tr>\n<td><strong>Garanti Edilen \u0130\u00e7erik<\/strong><\/td>\n<td><strong>%w\/w<\/strong><\/td>\n<\/tr>\n<tr>\n<td>Toplam Azot (N)<\/td>\n<td>18<\/td>\n<\/tr>\n<tr>\n<td>Nitrat Azotu (NO3-N)<\/td>\n<td>6<\/td>\n<\/tr>\n<tr>\n<td>Amonyum Azotu(NH2-N)<\/td>\n<td>4<\/td>\n<\/tr>\n<tr>\n<td>\u00dcre Azotu (NH2-N)<\/td>\n<td>8<\/td>\n<\/tr>\n<tr>\n<td>N\u00f6tral Amonyum Sitrat ve Suda \u00c7\u00f6z\u00fcn\u00fcr Fosfor Penta Oksit (P2O5)<\/td>\n<td>18<\/td>\n<\/tr>\n<tr>\n<td>Suda \u00c7\u00f6z\u00fcn\u00fcr Fosforpentaoksit(P2O5)<\/td>\n<td>18<\/td>\n<\/tr>\n<tr>\n<td>Suda \u00c7\u00f6z\u00fcn\u00fcr Potasyumoksit(K2O)<\/td>\n<td>18<\/td>\n<\/tr>\n<tr>\n<td>Suda \u00c7\u00f6z\u00fcn\u00fcr Demir (Fe)<\/td>\n<td>0,1<\/td>\n<\/tr>\n<tr>\n<td>Suda \u00c7\u00f6z\u00fcn\u00fcr Mangan(Mn)<\/td>\n<td>1<\/td>\n<\/tr>\n<\/tbody>\n<\/table>\n<p>&nbsp;<\/p>\n<p class=\"p1\"><b>Ambalaj Ebatlar\u0131<\/b><\/p>\n<p class=\"p1\">1 Kg<\/p>\n<p class=\"p1\">5 Kg<\/p>\n<p class=\"p1\">10 Kg<\/p>\n<p class=\"p1\">25 Kg<\/p>\n<p>&nbsp;<\/p>\n<p class=\"p1\"><b>Kullan\u0131m D\u00f6nemi ve Dozaj\u0131<\/b><\/p>\n<p class=\"p1\">Bitkinin her d\u00f6neminde Yapraktan 200-250 gr\/da, Topraktan 2-2,5 kg\/da<\/p>\n<\/div>\n","protected":false},"excerpt":{"rendered":"<p class=\"p1\">Her d\u00f6nem kullan\u0131labilecek dengeli bir bile\u015fimdir. Klor i\u00e7ermez.<\/p>\n","protected":false},"featured_media":3703,"template":"","meta":{"_acf_changed":false,"content-type":""},"product_brand":[],"product_cat":[76],"product_tag":[],"class_list":{"0":"post-3702","1":"product","2":"type-product","3":"status-publish","4":"has-post-thumbnail","6":"product_cat-bitki-besleme","8":"first","9":"instock","10":"shipping-taxable","11":"purchasable","12":"product-type-simple"},"acf":[],"_links":{"self":[{"href":"https:\/\/www.enelsatarim.com\/en\/wp-json\/wp\/v2\/product\/3702","targetHints":{"allow":["GET"]}}],"collection":[{"href":"https:\/\/www.enelsatarim.com\/en\/wp-json\/wp\/v2\/product"}],"about":[{"href":"https:\/\/www.enelsatarim.com\/en\/wp-json\/wp\/v2\/types\/product"}],"wp:featuredmedia":[{"embeddable":true,"href":"https:\/\/www.enelsatarim.com\/en\/wp-json\/wp\/v2\/media\/3703"}],"wp:attachment":[{"href":"https:\/\/www.enelsatarim.com\/en\/wp-json\/wp\/v2\/media?parent=3702"}],"wp:term":[{"taxonomy":"product_brand","embeddable":true,"href":"https:\/\/www.enelsatarim.com\/en\/wp-json\/wp\/v2\/product_brand?post=3702"},{"taxonomy":"product_cat","embeddable":true,"href":"https:\/\/www.enelsatarim.com\/en\/wp-json\/wp\/v2\/product_cat?post=3702"},{"taxonomy":"product_tag","embeddable":true,"href":"https:\/\/www.enelsatarim.com\/en\/wp-json\/wp\/v2\/product_tag?post=3702"}],"curies":[{"name":"wp","href":"https:\/\/api.w.org\/{rel}","templated":true}]}}