{"id":3705,"date":"2022-09-29T06:29:31","date_gmt":"2022-09-29T06:29:31","guid":{"rendered":"https:\/\/www.enelsatarim.com\/?post_type=product&#038;p=3705"},"modified":"2022-09-29T06:33:08","modified_gmt":"2022-09-29T06:33:08","slug":"magnemax","status":"publish","type":"product","link":"https:\/\/www.enelsatarim.com\/en\/urun\/magnemax\/","title":{"rendered":"MAGNEMAX"},"content":{"rendered":"<p class=\"p1\"><b>Faydalar\u0131<\/b><\/p>\n<p class=\"p1\">Magnezyum, nitrat, bor ve \u00e7inkonun ayn\u0131 anda verilebilmesini sa\u011flayan y\u00fcksek teknoloji \u00fcr\u00fcn\u00fcd\u00fcr. Bu \u00f6zelli\u011finden dolay\u0131 \u00f6zellikle bitkinin ye\u015fil aksam\u0131n\u0131n gelmesine ve fotosentezin art\u0131r\u0131lmas\u0131na yard\u0131mc\u0131 olur.<\/p>\n<p>&nbsp;<\/p>\n<div class=\"table-responsive\">\n<table class=\"table table-striped\">\n<tbody>\n<tr>\n<td><strong>Garanti Edilen \u0130\u00e7erik<\/strong><\/td>\n<td><strong>%w\/w<\/strong><\/td>\n<\/tr>\n<tr>\n<td>Nitrat Azotu (N)<\/td>\n<td>7<\/td>\n<\/tr>\n<tr>\n<td>Suda \u00c7\u00f6z\u00fcn\u00fcr Magnezyum Oksit (MgO)<\/td>\n<td>9<\/td>\n<\/tr>\n<tr>\n<td>Suda \u00c7\u00f6z\u00fcn\u00fcr Bor<\/td>\n<td>1<\/td>\n<\/tr>\n<tr>\n<td>Suda \u00c7\u00f6z\u00fcn\u00fcr \u00c7inko (Zn)<\/td>\n<td>1<\/td>\n<\/tr>\n<\/tbody>\n<\/table>\n<p>&nbsp;<\/p>\n<p class=\"p1\"><b>Ambalaj Ebatlar\u0131<\/b><\/p>\n<p class=\"p1\">1 Litre<br \/>\n5 Litre<br \/>\n15 Litre<br \/>\n20 Litre<\/p>\n<p>&nbsp;<\/p>\n<p class=\"p1\"><b>Kullan\u0131m D\u00f6nemi ve Dozaj\u0131<\/b><\/p>\n<p class=\"p1\">Bitkinin her d\u00f6neminde kullan\u0131labilir. Yapraktan 150-200 cc\/da,<br \/>\nTopraktan 1,5-2,5 lt\/da<\/p>\n<\/div>\n","protected":false},"excerpt":{"rendered":"<p class=\"p1\">Magnezyum, nitrat, bor ve \u00e7inkonun ayn\u0131 anda verilebilmesini sa\u011flayan y\u00fcksek teknoloji \u00fcr\u00fcn\u00fcd\u00fcr. Bu \u00f6zelli\u011finden dolay\u0131 \u00f6zellikle bitkinin ye\u015fil aksam\u0131n\u0131n gelmesine ve fotosentezin art\u0131r\u0131lmas\u0131na yard\u0131mc\u0131 olur.<\/p>\n","protected":false},"featured_media":3706,"template":"","meta":{"_acf_changed":false,"content-type":""},"product_brand":[],"product_cat":[76],"product_tag":[],"class_list":{"0":"post-3705","1":"product","2":"type-product","3":"status-publish","4":"has-post-thumbnail","6":"product_cat-bitki-besleme","8":"first","9":"instock","10":"shipping-taxable","11":"purchasable","12":"product-type-simple"},"acf":[],"_links":{"self":[{"href":"https:\/\/www.enelsatarim.com\/en\/wp-json\/wp\/v2\/product\/3705","targetHints":{"allow":["GET"]}}],"collection":[{"href":"https:\/\/www.enelsatarim.com\/en\/wp-json\/wp\/v2\/product"}],"about":[{"href":"https:\/\/www.enelsatarim.com\/en\/wp-json\/wp\/v2\/types\/product"}],"wp:featuredmedia":[{"embeddable":true,"href":"https:\/\/www.enelsatarim.com\/en\/wp-json\/wp\/v2\/media\/3706"}],"wp:attachment":[{"href":"https:\/\/www.enelsatarim.com\/en\/wp-json\/wp\/v2\/media?parent=3705"}],"wp:term":[{"taxonomy":"product_brand","embeddable":true,"href":"https:\/\/www.enelsatarim.com\/en\/wp-json\/wp\/v2\/product_brand?post=3705"},{"taxonomy":"product_cat","embeddable":true,"href":"https:\/\/www.enelsatarim.com\/en\/wp-json\/wp\/v2\/product_cat?post=3705"},{"taxonomy":"product_tag","embeddable":true,"href":"https:\/\/www.enelsatarim.com\/en\/wp-json\/wp\/v2\/product_tag?post=3705"}],"curies":[{"name":"wp","href":"https:\/\/api.w.org\/{rel}","templated":true}]}}