{"id":3707,"date":"2022-09-29T06:33:24","date_gmt":"2022-09-29T06:33:24","guid":{"rendered":"https:\/\/www.enelsatarim.com\/?post_type=product&#038;p=3707"},"modified":"2022-09-29T06:36:01","modified_gmt":"2022-09-29T06:36:01","slug":"coppermax","status":"publish","type":"product","link":"https:\/\/www.enelsatarim.com\/en\/urun\/coppermax\/","title":{"rendered":"COPPERMAX"},"content":{"rendered":"<p class=\"p1\"><b>Faydalar\u0131<\/b><\/p>\n<p class=\"p1\">Bitkinin elemental olarak bak\u0131r ihtiyac\u0131n\u0131 kar\u015f\u0131lad\u0131\u011f\u0131 gibi fungal etmenlerin bitkiden uzakla\u015ft\u0131r\u0131lmas\u0131na yard\u0131mc\u0131 olur.<br \/>\n\u015eelatlama y\u00f6ntemi sayesinde bitki b\u00fcnyesine h\u0131zla girer.<\/p>\n<p>&nbsp;<\/p>\n<div class=\"table-responsive\">\n<table class=\"table table-striped\">\n<tbody>\n<tr>\n<td><strong>Garanti Edilen \u0130\u00e7erik<\/strong><\/td>\n<td><strong>%w\/w<\/strong><\/td>\n<\/tr>\n<tr>\n<td>Suda \u00c7\u00f6z\u00fcn\u00fcr Bak\u0131r(Cu)<\/td>\n<td>6<\/td>\n<\/tr>\n<\/tbody>\n<\/table>\n<p>&nbsp;<\/p>\n<p class=\"p1\"><b>Ambalaj Ebatlar\u0131<\/b><\/p>\n<p class=\"p1\">1 Litre<br \/>\n5 Litre<br \/>\n15 Litre<br \/>\n20 Litre<\/p>\n<p>&nbsp;<\/p>\n<p class=\"p1\"><b>Kullan\u0131m D\u00f6nemi ve Dozaj\u0131<\/b><\/p>\n<p class=\"p1\">A\u011fa\u00e7larda budama sonras\u0131 ve her d\u00f6nem, di\u011fer bitkilerde her d\u00f6nem. Yapraktan 150-200 cc\/da,<br \/>\nTopraktan 500 cc-1000 cc\/da<\/p>\n<\/div>\n","protected":false},"excerpt":{"rendered":"<p class=\"p1\">Bitkinin elemental olarak bak\u0131r ihtiyac\u0131n\u0131 kar\u015f\u0131lad\u0131\u011f\u0131 gibi fungal etmenlerin bitkiden uzakla\u015ft\u0131r\u0131lmas\u0131na yard\u0131mc\u0131 olur.<br \/>\n\u015eelatlama y\u00f6ntemi sayesinde bitki b\u00fcnyesine h\u0131zla girer.<\/p>\n","protected":false},"featured_media":3708,"template":"","meta":{"_acf_changed":false,"content-type":""},"product_brand":[],"product_cat":[76],"product_tag":[],"class_list":{"0":"post-3707","1":"product","2":"type-product","3":"status-publish","4":"has-post-thumbnail","6":"product_cat-bitki-besleme","8":"first","9":"instock","10":"shipping-taxable","11":"purchasable","12":"product-type-simple"},"acf":[],"_links":{"self":[{"href":"https:\/\/www.enelsatarim.com\/en\/wp-json\/wp\/v2\/product\/3707","targetHints":{"allow":["GET"]}}],"collection":[{"href":"https:\/\/www.enelsatarim.com\/en\/wp-json\/wp\/v2\/product"}],"about":[{"href":"https:\/\/www.enelsatarim.com\/en\/wp-json\/wp\/v2\/types\/product"}],"wp:featuredmedia":[{"embeddable":true,"href":"https:\/\/www.enelsatarim.com\/en\/wp-json\/wp\/v2\/media\/3708"}],"wp:attachment":[{"href":"https:\/\/www.enelsatarim.com\/en\/wp-json\/wp\/v2\/media?parent=3707"}],"wp:term":[{"taxonomy":"product_brand","embeddable":true,"href":"https:\/\/www.enelsatarim.com\/en\/wp-json\/wp\/v2\/product_brand?post=3707"},{"taxonomy":"product_cat","embeddable":true,"href":"https:\/\/www.enelsatarim.com\/en\/wp-json\/wp\/v2\/product_cat?post=3707"},{"taxonomy":"product_tag","embeddable":true,"href":"https:\/\/www.enelsatarim.com\/en\/wp-json\/wp\/v2\/product_tag?post=3707"}],"curies":[{"name":"wp","href":"https:\/\/api.w.org\/{rel}","templated":true}]}}