{"id":3709,"date":"2022-09-29T06:36:18","date_gmt":"2022-09-29T06:36:18","guid":{"rendered":"https:\/\/www.enelsatarim.com\/?post_type=product&#038;p=3709"},"modified":"2022-09-29T06:40:00","modified_gmt":"2022-09-29T06:40:00","slug":"carbonmax","status":"publish","type":"product","link":"https:\/\/www.enelsatarim.com\/en\/urun\/carbonmax\/","title":{"rendered":"CARBONMAX"},"content":{"rendered":"<p class=\"p1\"><b>Faydalar\u0131<\/b><\/p>\n<p class=\"p1\">\u0130\u00e7eri\u011findeki y\u00fcksek oranl\u0131 organik karbon sayesinde meyve b\u00fcy\u00fctme ve renklendirmeye destek olur.<\/p>\n<p>&nbsp;<\/p>\n<div class=\"table-responsive\">\n<table class=\"table table-striped\">\n<tbody>\n<tr>\n<td><strong>Garanti Edilen \u0130\u00e7erik<\/strong><\/td>\n<td><strong>%w\/w<\/strong><\/td>\n<\/tr>\n<tr>\n<td>Toplam Organik Madde<\/td>\n<td>40<\/td>\n<\/tr>\n<tr>\n<td>Organik Karbon<\/td>\n<td>17<\/td>\n<\/tr>\n<tr>\n<td>Toplam Azot (N)<\/td>\n<td>1<\/td>\n<\/tr>\n<tr>\n<td>Suda \u00c7\u00f6z\u00fcn\u00fcr Potasyum Oksit (K2O)<\/td>\n<td>4<\/td>\n<\/tr>\n<tr>\n<td>pH<\/td>\n<td>3,5 &#8211; 5,5<\/td>\n<\/tr>\n<\/tbody>\n<\/table>\n<p>&nbsp;<\/p>\n<p class=\"p1\"><b>Ambalaj Ebatlar\u0131<\/b><\/p>\n<p class=\"p1\">1 Litre<br \/>\n5 Litre<br \/>\n15 Litre<br \/>\n20 Litre<\/p>\n<p>&nbsp;<\/p>\n<p class=\"p1\"><b>Kullan\u0131m D\u00f6nemi ve Dozaj\u0131<\/b><\/p>\n<p class=\"p1\">Bitkinin her d\u00f6neminde kullan\u0131labilir. yapraktan 150 -200 cc\/da,<br \/>\nTopraktan 1,5 lt\/da<\/p>\n<\/div>\n","protected":false},"excerpt":{"rendered":"<p class=\"p1\">\u0130\u00e7eri\u011findeki y\u00fcksek oranl\u0131 organik karbon sayesinde meyve b\u00fcy\u00fctme ve renklendirmeye destek olur.<\/p>\n","protected":false},"featured_media":3710,"template":"","meta":{"_acf_changed":false,"content-type":""},"product_brand":[],"product_cat":[76],"product_tag":[],"class_list":{"0":"post-3709","1":"product","2":"type-product","3":"status-publish","4":"has-post-thumbnail","6":"product_cat-bitki-besleme","8":"first","9":"instock","10":"shipping-taxable","11":"purchasable","12":"product-type-simple"},"acf":[],"_links":{"self":[{"href":"https:\/\/www.enelsatarim.com\/en\/wp-json\/wp\/v2\/product\/3709","targetHints":{"allow":["GET"]}}],"collection":[{"href":"https:\/\/www.enelsatarim.com\/en\/wp-json\/wp\/v2\/product"}],"about":[{"href":"https:\/\/www.enelsatarim.com\/en\/wp-json\/wp\/v2\/types\/product"}],"wp:featuredmedia":[{"embeddable":true,"href":"https:\/\/www.enelsatarim.com\/en\/wp-json\/wp\/v2\/media\/3710"}],"wp:attachment":[{"href":"https:\/\/www.enelsatarim.com\/en\/wp-json\/wp\/v2\/media?parent=3709"}],"wp:term":[{"taxonomy":"product_brand","embeddable":true,"href":"https:\/\/www.enelsatarim.com\/en\/wp-json\/wp\/v2\/product_brand?post=3709"},{"taxonomy":"product_cat","embeddable":true,"href":"https:\/\/www.enelsatarim.com\/en\/wp-json\/wp\/v2\/product_cat?post=3709"},{"taxonomy":"product_tag","embeddable":true,"href":"https:\/\/www.enelsatarim.com\/en\/wp-json\/wp\/v2\/product_tag?post=3709"}],"curies":[{"name":"wp","href":"https:\/\/api.w.org\/{rel}","templated":true}]}}