{"id":3713,"date":"2022-09-29T06:43:01","date_gmt":"2022-09-29T06:43:01","guid":{"rendered":"https:\/\/www.enelsatarim.com\/?post_type=product&#038;p=3713"},"modified":"2022-09-29T06:45:54","modified_gmt":"2022-09-29T06:45:54","slug":"powermax","status":"publish","type":"product","link":"https:\/\/www.enelsatarim.com\/en\/urun\/powermax\/","title":{"rendered":"POWERMAX"},"content":{"rendered":"<p class=\"p1\"><b>Faydalar\u0131<\/b><\/p>\n<p class=\"p1\">Y\u00fcksek oranda fosforun azot ve potasyumla bile\u015fimidir.<br \/>\nBitkinin \u00f6zellikle \u00e7i\u00e7eklenme d\u00f6neminde ihtiyac\u0131 olan fosforu sa\u011flar. Klor i\u00e7ermez.<\/p>\n<p>&nbsp;<\/p>\n<div class=\"table-responsive\">\n<table class=\"table table-striped\">\n<tbody>\n<tr>\n<td><strong>Garanti Edilen \u0130\u00e7erik<\/strong><\/td>\n<td><strong>%w\/w<\/strong><\/td>\n<\/tr>\n<tr>\n<td>Toplam Azot (N)<\/td>\n<td>8<\/td>\n<\/tr>\n<tr>\n<td>Amonyum Azotu (N)<\/td>\n<td>8<\/td>\n<\/tr>\n<tr>\n<td>Suda \u00c7\u00f6z\u00fcn\u00fcr Fosfor Pentaoksit (P2O5)<\/td>\n<td>40<\/td>\n<\/tr>\n<tr>\n<td>Suda \u00c7\u00f6z\u00fcn\u00fcr Potasyumoksit (K2O)<\/td>\n<td>10<\/td>\n<\/tr>\n<tr>\n<td>Suda \u00c7\u00f6z\u00fcn\u00fcr K\u00fck\u00fcrt<\/td>\n<td>15<\/td>\n<\/tr>\n<\/tbody>\n<\/table>\n<p>&nbsp;<\/p>\n<p class=\"p1\"><b>Ambalaj Ebatlar\u0131<\/b><\/p>\n<p class=\"p1\">1 Kg<\/p>\n<p class=\"p1\">5 Kg<\/p>\n<p class=\"p1\">10 Kg<\/p>\n<p class=\"p1\">25 Kg<\/p>\n<p>&nbsp;<\/p>\n<p class=\"p1\"><b>Kullan\u0131m D\u00f6nemi ve Dozaj\u0131<\/b><\/p>\n<p class=\"p1\">Hasat sonras\u0131 ve \u00e7i\u00e7eklenme d\u00f6neminde Yapraktan 200-250 gr\/da,<br \/>\nTopraktan 2-2,5 kg\/da<\/p>\n<\/div>\n","protected":false},"excerpt":{"rendered":"<p class=\"p1\">Y\u00fcksek oranda fosforun azot ve potasyumla bile\u015fimidir.<br \/>\nBitkinin \u00f6zellikle \u00e7i\u00e7eklenme d\u00f6neminde ihtiyac\u0131 olan fosforu sa\u011flar. Klor i\u00e7ermez.<\/p>\n","protected":false},"featured_media":3714,"template":"","meta":{"_acf_changed":false,"content-type":""},"product_brand":[],"product_cat":[76],"product_tag":[],"class_list":{"0":"post-3713","1":"product","2":"type-product","3":"status-publish","4":"has-post-thumbnail","6":"product_cat-bitki-besleme","8":"first","9":"instock","10":"shipping-taxable","11":"purchasable","12":"product-type-simple"},"acf":[],"_links":{"self":[{"href":"https:\/\/www.enelsatarim.com\/en\/wp-json\/wp\/v2\/product\/3713","targetHints":{"allow":["GET"]}}],"collection":[{"href":"https:\/\/www.enelsatarim.com\/en\/wp-json\/wp\/v2\/product"}],"about":[{"href":"https:\/\/www.enelsatarim.com\/en\/wp-json\/wp\/v2\/types\/product"}],"wp:featuredmedia":[{"embeddable":true,"href":"https:\/\/www.enelsatarim.com\/en\/wp-json\/wp\/v2\/media\/3714"}],"wp:attachment":[{"href":"https:\/\/www.enelsatarim.com\/en\/wp-json\/wp\/v2\/media?parent=3713"}],"wp:term":[{"taxonomy":"product_brand","embeddable":true,"href":"https:\/\/www.enelsatarim.com\/en\/wp-json\/wp\/v2\/product_brand?post=3713"},{"taxonomy":"product_cat","embeddable":true,"href":"https:\/\/www.enelsatarim.com\/en\/wp-json\/wp\/v2\/product_cat?post=3713"},{"taxonomy":"product_tag","embeddable":true,"href":"https:\/\/www.enelsatarim.com\/en\/wp-json\/wp\/v2\/product_tag?post=3713"}],"curies":[{"name":"wp","href":"https:\/\/api.w.org\/{rel}","templated":true}]}}