{"id":3739,"date":"2022-09-29T07:26:14","date_gmt":"2022-09-29T07:26:14","guid":{"rendered":"https:\/\/www.enelsatarim.com\/?post_type=product&#038;p=3739"},"modified":"2022-09-29T07:32:53","modified_gmt":"2022-09-29T07:32:53","slug":"calcifer","status":"publish","type":"product","link":"https:\/\/www.enelsatarim.com\/en\/urun\/calcifer\/","title":{"rendered":"CALCIFER"},"content":{"rendered":"<p class=\"p1\"><b>Faydalar\u0131<\/b><\/p>\n<p class=\"p1\">Kalsiyum, azot ve demirin ayn\u0131 anda verilmesini sa\u011flayan y\u00fcksek teknoloji \u00fcr\u00fcn\u00fcd\u00fcr.<span class=\"Apple-converted-space\">\u00a0<\/span><\/p>\n<p>&nbsp;<\/p>\n<div class=\"table-responsive\">\n<table class=\"table table-striped\">\n<tbody>\n<tr>\n<td><strong>Garanti Edilen \u0130\u00e7erik<\/strong><\/td>\n<td><strong>%w\/w<\/strong><\/td>\n<\/tr>\n<tr>\n<td>Toplam Azot (N)<\/td>\n<td>8<\/td>\n<\/tr>\n<tr>\n<td>Nitrat Azotu (N)<\/td>\n<td>8<\/td>\n<\/tr>\n<tr>\n<td>Suda \u00c7\u00f6z\u00fcn\u00fcr Kalsiyum Oksit (CaO)<\/td>\n<td>17<\/td>\n<\/tr>\n<tr>\n<td>Suda \u00c7\u00f6z\u00fcn\u00fcr Demir (Fe) (Tamam\u0131 EDDHA ile \u015eelatl\u0131)<\/td>\n<td>0,2<\/td>\n<\/tr>\n<tr>\n<td>EDDHA \u015eelat\u0131n\u0131n Stabil Oldu\u011fu pH Aral\u0131\u011f\u0131 Fe i\u00e7in<\/td>\n<td>3-8<\/td>\n<\/tr>\n<\/tbody>\n<\/table>\n<\/div>\n<p>&nbsp;<\/p>\n<p class=\"p1\"><b>Ambalaj Ebatlar\u0131<\/b><\/p>\n<p class=\"p1\">1 Litre<br \/>\n5 Litre<br \/>\n20 Litre<\/p>\n<p>&nbsp;<\/p>\n<div class=\"table-responsive\">\n<p class=\"p1\"><b>Kullan\u0131m D\u00f6nemi ve Dozaj\u0131<\/b><\/p>\n<p class=\"p1\">\u00c7i\u00e7eklenmeden sonraki her d\u00f6nem Topraktan2-2,5lt\/da<\/p>\n<\/div>\n","protected":false},"excerpt":{"rendered":"<p class=\"p1\">Kalsiyum, azot ve demirin ayn\u0131 anda verilmesini sa\u011flayan y\u00fcksek teknoloji \u00fcr\u00fcn\u00fcd\u00fcr.<span class=\"Apple-converted-space\">\u00a0<\/span><\/p>\n","protected":false},"featured_media":3740,"template":"","meta":{"_acf_changed":false,"content-type":""},"product_brand":[],"product_cat":[76],"product_tag":[],"class_list":{"0":"post-3739","1":"product","2":"type-product","3":"status-publish","4":"has-post-thumbnail","6":"product_cat-bitki-besleme","8":"first","9":"instock","10":"shipping-taxable","11":"purchasable","12":"product-type-simple"},"acf":[],"_links":{"self":[{"href":"https:\/\/www.enelsatarim.com\/en\/wp-json\/wp\/v2\/product\/3739","targetHints":{"allow":["GET"]}}],"collection":[{"href":"https:\/\/www.enelsatarim.com\/en\/wp-json\/wp\/v2\/product"}],"about":[{"href":"https:\/\/www.enelsatarim.com\/en\/wp-json\/wp\/v2\/types\/product"}],"wp:featuredmedia":[{"embeddable":true,"href":"https:\/\/www.enelsatarim.com\/en\/wp-json\/wp\/v2\/media\/3740"}],"wp:attachment":[{"href":"https:\/\/www.enelsatarim.com\/en\/wp-json\/wp\/v2\/media?parent=3739"}],"wp:term":[{"taxonomy":"product_brand","embeddable":true,"href":"https:\/\/www.enelsatarim.com\/en\/wp-json\/wp\/v2\/product_brand?post=3739"},{"taxonomy":"product_cat","embeddable":true,"href":"https:\/\/www.enelsatarim.com\/en\/wp-json\/wp\/v2\/product_cat?post=3739"},{"taxonomy":"product_tag","embeddable":true,"href":"https:\/\/www.enelsatarim.com\/en\/wp-json\/wp\/v2\/product_tag?post=3739"}],"curies":[{"name":"wp","href":"https:\/\/api.w.org\/{rel}","templated":true}]}}