{"id":3745,"date":"2022-09-29T07:40:50","date_gmt":"2022-09-29T07:40:50","guid":{"rendered":"https:\/\/www.enelsatarim.com\/?post_type=product&#038;p=3745"},"modified":"2022-09-29T08:19:44","modified_gmt":"2022-09-29T08:19:44","slug":"fosfopotamax","status":"publish","type":"product","link":"https:\/\/www.enelsatarim.com\/en\/urun\/fosfopotamax\/","title":{"rendered":"FOSFOPOTAMAX"},"content":{"rendered":"<p class=\"p1\"><b>Faydalar\u0131<\/b><\/p>\n<p class=\"p1\">Azot i\u00e7ermeyen, potasyum a\u011f\u0131rl\u0131kl\u0131 bir bile\u015fendir.<br \/>\nMeyve b\u00fcy\u00fctme ve olgunla\u015ft\u0131rmaya yard\u0131mc\u0131 olur. Klor i\u00e7ermez.<\/p>\n<p>&nbsp;<\/p>\n<div class=\"table-responsive\">\n<table class=\"table table-striped\">\n<tbody>\n<tr>\n<td><strong>Garanti Edilen \u0130\u00e7erik<\/strong><\/td>\n<td><strong>%w\/w<\/strong><\/td>\n<\/tr>\n<tr>\n<td>Suda \u00c7\u00f6z\u00fcn\u00fcr Fosfor Pentaoksit (P2O5)<\/td>\n<td>5<\/td>\n<\/tr>\n<tr>\n<td>Suda \u00c7\u00f6z\u00fcn\u00fcr Potasyum Oksit (K2O)<\/td>\n<td>30<\/td>\n<\/tr>\n<tr>\n<td>Suda \u00c7\u00f6z\u00fcn\u00fcr K\u00fck\u00fcrt Trioksit (SO3)<\/td>\n<td>30<\/td>\n<\/tr>\n<\/tbody>\n<\/table>\n<p>&nbsp;<\/p>\n<p class=\"p1\"><b>Ambalaj Ebatlar\u0131<\/b><\/p>\n<p class=\"p1\">1 Kg<\/p>\n<p>5 Kg<\/p>\n<p>10 Kg<\/p>\n<p>25 Kg<\/p>\n<div class=\"table-responsive\">\n<p>&nbsp;<\/p>\n<p class=\"p1\"><b>Kullan\u0131m D\u00f6nemi ve Dozaj\u0131<\/b><\/p>\n<p class=\"p1\">Meyve tutumunu takiben Yapraktan 200-250 gr\/da,<span class=\"Apple-converted-space\">\u00a0<\/span><\/p>\n<p class=\"p1\">Topraktan 2-2,5 kg\/da<\/p>\n<\/div>\n<\/div>\n","protected":false},"excerpt":{"rendered":"<p class=\"p1\">Potasyumla birlikte, magnezyum, bor, bak\u0131r, demir, mangan ve \u00e7inko gibi izelementlerin birlikte verilebildi\u011fi teknolojik g\u00fcbredir. Klor i\u00e7ermez.<\/p>\n","protected":false},"featured_media":3748,"template":"","meta":{"_acf_changed":false,"content-type":""},"product_brand":[],"product_cat":[78],"product_tag":[],"class_list":{"0":"post-3745","1":"product","2":"type-product","3":"status-publish","4":"has-post-thumbnail","6":"product_cat-potasyum-grubu","8":"first","9":"instock","10":"shipping-taxable","11":"purchasable","12":"product-type-simple"},"acf":[],"_links":{"self":[{"href":"https:\/\/www.enelsatarim.com\/en\/wp-json\/wp\/v2\/product\/3745","targetHints":{"allow":["GET"]}}],"collection":[{"href":"https:\/\/www.enelsatarim.com\/en\/wp-json\/wp\/v2\/product"}],"about":[{"href":"https:\/\/www.enelsatarim.com\/en\/wp-json\/wp\/v2\/types\/product"}],"wp:featuredmedia":[{"embeddable":true,"href":"https:\/\/www.enelsatarim.com\/en\/wp-json\/wp\/v2\/media\/3748"}],"wp:attachment":[{"href":"https:\/\/www.enelsatarim.com\/en\/wp-json\/wp\/v2\/media?parent=3745"}],"wp:term":[{"taxonomy":"product_brand","embeddable":true,"href":"https:\/\/www.enelsatarim.com\/en\/wp-json\/wp\/v2\/product_brand?post=3745"},{"taxonomy":"product_cat","embeddable":true,"href":"https:\/\/www.enelsatarim.com\/en\/wp-json\/wp\/v2\/product_cat?post=3745"},{"taxonomy":"product_tag","embeddable":true,"href":"https:\/\/www.enelsatarim.com\/en\/wp-json\/wp\/v2\/product_tag?post=3745"}],"curies":[{"name":"wp","href":"https:\/\/api.w.org\/{rel}","templated":true}]}}