{"id":3751,"date":"2022-09-29T08:22:29","date_gmt":"2022-09-29T08:22:29","guid":{"rendered":"https:\/\/www.enelsatarim.com\/?post_type=product&#038;p=3751"},"modified":"2022-09-29T08:24:01","modified_gmt":"2022-09-29T08:24:01","slug":"enelsamax07","status":"publish","type":"product","link":"https:\/\/www.enelsatarim.com\/en\/urun\/enelsamax07\/","title":{"rendered":"ENELSAMAX07"},"content":{"rendered":"<p class=\"p1\"><b>Faydalar\u0131<\/b><\/p>\n<p class=\"p1\">S\u0131v\u0131 k\u00fck\u00fcrtlerin aksine y\u00fcksek pH\u2019y\u0131 anl\u0131k d\u00fc\u015f\u00fcrme ve tuzluluk giderme kapasitesine sahiptir.<br \/>\nAyn\u0131 zamanda bitkinin k\u00fck\u00fcrt ihtiyac\u0131n\u0131 kar\u015f\u0131lar. % 49 H2S03 i\u00e7erir.<br \/>\nBorun y\u00fcksek de\u011ferlere ula\u015ft\u0131\u011f\u0131 topraklarda, toksik etkiyi azalt\u0131r.<\/p>\n<p>&nbsp;<\/p>\n<p class=\"p1\"><b>Ambalaj Ebatlar\u0131<\/b><\/p>\n<p class=\"p1\">15 Litre<\/p>\n<p class=\"p1\">20 Litre<\/p>\n<div class=\"table-responsive\">\n<p>&nbsp;<\/p>\n<p class=\"p1\"><b>Kullan\u0131m D\u00f6nemi ve Dozaj\u0131<\/b><\/p>\n<p class=\"p1\">Bitkinin her d\u00f6neminde Yapraktan 150<span class=\"Apple-converted-space\">\u00a0 <\/span>cc\/da,<span class=\"Apple-converted-space\">\u00a0<\/span>Topraktan 1,5 lt\/da<\/p>\n<\/div>\n","protected":false},"excerpt":{"rendered":"<p class=\"p1\">S\u0131v\u0131 k\u00fck\u00fcrtlerin aksine y\u00fcksek pH\u2019y\u0131 anl\u0131k d\u00fc\u015f\u00fcrme ve tuzluluk giderme kapasitesine sahiptir.<br \/>\nAyn\u0131 zamanda bitkinin k\u00fck\u00fcrt ihtiyac\u0131n\u0131 kar\u015f\u0131lar. % 49 H2S03 i\u00e7erir.<br \/>\nBorun y\u00fcksek de\u011ferlere ula\u015ft\u0131\u011f\u0131 topraklarda, toksik etkiyi azalt\u0131r.<\/p>\n","protected":false},"featured_media":3752,"template":"","meta":{"_acf_changed":false,"content-type":""},"product_brand":[],"product_cat":[77],"product_tag":[],"class_list":{"0":"post-3751","1":"product","2":"type-product","3":"status-publish","4":"has-post-thumbnail","6":"product_cat-ph-regulatorleri","8":"first","9":"instock","10":"shipping-taxable","11":"purchasable","12":"product-type-simple"},"acf":[],"_links":{"self":[{"href":"https:\/\/www.enelsatarim.com\/en\/wp-json\/wp\/v2\/product\/3751","targetHints":{"allow":["GET"]}}],"collection":[{"href":"https:\/\/www.enelsatarim.com\/en\/wp-json\/wp\/v2\/product"}],"about":[{"href":"https:\/\/www.enelsatarim.com\/en\/wp-json\/wp\/v2\/types\/product"}],"wp:featuredmedia":[{"embeddable":true,"href":"https:\/\/www.enelsatarim.com\/en\/wp-json\/wp\/v2\/media\/3752"}],"wp:attachment":[{"href":"https:\/\/www.enelsatarim.com\/en\/wp-json\/wp\/v2\/media?parent=3751"}],"wp:term":[{"taxonomy":"product_brand","embeddable":true,"href":"https:\/\/www.enelsatarim.com\/en\/wp-json\/wp\/v2\/product_brand?post=3751"},{"taxonomy":"product_cat","embeddable":true,"href":"https:\/\/www.enelsatarim.com\/en\/wp-json\/wp\/v2\/product_cat?post=3751"},{"taxonomy":"product_tag","embeddable":true,"href":"https:\/\/www.enelsatarim.com\/en\/wp-json\/wp\/v2\/product_tag?post=3751"}],"curies":[{"name":"wp","href":"https:\/\/api.w.org\/{rel}","templated":true}]}}