{"id":3753,"date":"2022-09-29T08:24:32","date_gmt":"2022-09-29T08:24:32","guid":{"rendered":"https:\/\/www.enelsatarim.com\/?post_type=product&#038;p=3753"},"modified":"2022-09-29T08:25:56","modified_gmt":"2022-09-29T08:25:56","slug":"fosfomax07","status":"publish","type":"product","link":"https:\/\/www.enelsatarim.com\/en\/urun\/fosfomax07\/","title":{"rendered":"FOSFOMAX07"},"content":{"rendered":"<p class=\"p1\"><b>Faydalar\u0131<\/b><\/p>\n<p class=\"p1\">%17 H2SO3 ve % 40 Fosforun ayn\u0131 anda verilmesini sa\u011flayan pH d\u00fc\u015f\u00fcr\u00fcc\u00fc ve tuzluluk gidericidir. Kire\u00e7le m\u00fccadeleyi H2SO3 yapt\u0131\u011f\u0131 i\u00e7in fosforun, toprakta ba\u011flanmadan bitki b\u00fcnyesine ge\u00e7er.<\/p>\n<p>&nbsp;<\/p>\n<p class=\"p1\"><b>Ambalaj Ebatlar\u0131<\/b><\/p>\n<p class=\"p1\">15 Litre<\/p>\n<p class=\"p1\">20 Litre<\/p>\n<div class=\"table-responsive\">\n<p>&nbsp;<\/p>\n<p class=\"p1\"><b>Kullan\u0131m D\u00f6nemi ve Dozaj\u0131<\/b><\/p>\n<p class=\"p1\">\u00c7i\u00e7eklenme d\u00f6neminde yapraktan 150 cc\/da,<span class=\"Apple-converted-space\"> \u00a0<\/span>Topraktan<span class=\"Apple-converted-space\">\u00a0 <\/span>1,5 lt\/da<\/p>\n<\/div>\n","protected":false},"excerpt":{"rendered":"<p class=\"p1\">%17 H2SO3 ve % 40 Fosforun ayn\u0131 anda verilmesini sa\u011flayan pH d\u00fc\u015f\u00fcr\u00fcc\u00fc ve tuzluluk gidericidir. Kire\u00e7le m\u00fccadeleyi H2SO3 yapt\u0131\u011f\u0131 i\u00e7in fosforun, toprakta ba\u011flanmadan bitki b\u00fcnyesine ge\u00e7er.<\/p>\n","protected":false},"featured_media":3754,"template":"","meta":{"_acf_changed":false,"content-type":""},"product_brand":[],"product_cat":[77],"product_tag":[],"class_list":{"0":"post-3753","1":"product","2":"type-product","3":"status-publish","4":"has-post-thumbnail","6":"product_cat-ph-regulatorleri","8":"first","9":"instock","10":"shipping-taxable","11":"purchasable","12":"product-type-simple"},"acf":[],"_links":{"self":[{"href":"https:\/\/www.enelsatarim.com\/en\/wp-json\/wp\/v2\/product\/3753","targetHints":{"allow":["GET"]}}],"collection":[{"href":"https:\/\/www.enelsatarim.com\/en\/wp-json\/wp\/v2\/product"}],"about":[{"href":"https:\/\/www.enelsatarim.com\/en\/wp-json\/wp\/v2\/types\/product"}],"wp:featuredmedia":[{"embeddable":true,"href":"https:\/\/www.enelsatarim.com\/en\/wp-json\/wp\/v2\/media\/3754"}],"wp:attachment":[{"href":"https:\/\/www.enelsatarim.com\/en\/wp-json\/wp\/v2\/media?parent=3753"}],"wp:term":[{"taxonomy":"product_brand","embeddable":true,"href":"https:\/\/www.enelsatarim.com\/en\/wp-json\/wp\/v2\/product_brand?post=3753"},{"taxonomy":"product_cat","embeddable":true,"href":"https:\/\/www.enelsatarim.com\/en\/wp-json\/wp\/v2\/product_cat?post=3753"},{"taxonomy":"product_tag","embeddable":true,"href":"https:\/\/www.enelsatarim.com\/en\/wp-json\/wp\/v2\/product_tag?post=3753"}],"curies":[{"name":"wp","href":"https:\/\/api.w.org\/{rel}","templated":true}]}}