{"id":4185,"date":"2025-08-29T10:01:33","date_gmt":"2025-08-29T10:01:33","guid":{"rendered":"https:\/\/www.enelsatarim.com\/?post_type=product&#038;p=4185"},"modified":"2025-08-29T10:11:23","modified_gmt":"2025-08-29T10:11:23","slug":"humax-k-2","status":"publish","type":"product","link":"https:\/\/www.enelsatarim.com\/en\/urun\/humax-k-2\/","title":{"rendered":"HUMAX-K"},"content":{"rendered":"<p class=\"p1\"><b>Faydalar\u0131<\/b><\/p>\n<p class=\"p1\">Y\u00fcksek oranl\u0131 karbon ve humik fulvik asit i\u00e7eren potasyum humatt\u0131r.<\/p>\n<p class=\"p1\">Bitkinin karbon ihtiyac\u0131n\u0131 kar\u015f\u0131lamaya yard\u0131mc\u0131 olur. \u0130yi bir toprak d\u00fczenleyicidir.<\/p>\n<p>&nbsp;<\/p>\n<div class=\"table-responsive\">\n<table class=\"table table-striped\">\n<tbody>\n<tr>\n<td><strong>Garanti Edilen \u0130\u00e7erik<\/strong><\/td>\n<td><strong>%w\/w<\/strong><\/td>\n<\/tr>\n<tr>\n<td>Organik Madde<\/td>\n<td>35<\/td>\n<\/tr>\n<tr>\n<td>Toplam Humik Asit+Fulvik Asit<\/td>\n<td>65<\/td>\n<\/tr>\n<tr>\n<td>Suda \u00c7\u00f6z\u00fcn\u00fcr Potasyum Oksit (K2O)<\/td>\n<td>6<\/td>\n<\/tr>\n<tr>\n<td>Max. Nem<\/td>\n<td>20<\/td>\n<\/tr>\n<tr>\n<td>pH<\/td>\n<td>8,5-10,5<\/td>\n<\/tr>\n<\/tbody>\n<\/table>\n<p class=\"p1\"><b>Ambalaj Ebatlar\u0131<\/b><\/p>\n<p class=\"p1\">5 Kg<\/p>\n<p class=\"p1\">10 Kg<\/p>\n<p class=\"p1\">25 Kg<\/p>\n<p>&nbsp;<\/p>\n<p class=\"p1\"><b>Kullan\u0131m D\u00f6nemi ve Dozaj\u0131<\/b><\/p>\n<p class=\"p1\">Ekim \u00f6ncesi, tohum veya fide d\u00f6neminde Topraktan<span class=\"Apple-converted-space\">\u00a0 <\/span>2-2,5 kg\/da<\/p>\n<\/div>\n","protected":false},"excerpt":{"rendered":"<p class=\"p1\">Y\u00fcksek oranl\u0131 karbon ve humik fulvik asit i\u00e7eren potasyum humatt\u0131r.<\/p>\n<p class=\"p1\">Bitkinin karbon ihtiyac\u0131n\u0131 kar\u015f\u0131lamaya yard\u0131mc\u0131 olur. \u0130yi bir toprak d\u00fczenleyicidir.<\/p>\n","protected":false},"featured_media":4191,"template":"","meta":{"_acf_changed":false,"content-type":""},"product_brand":[],"product_cat":[76],"product_tag":[],"class_list":{"0":"post-4185","1":"product","2":"type-product","3":"status-publish","4":"has-post-thumbnail","6":"product_cat-bitki-besleme","8":"first","9":"instock","10":"shipping-taxable","11":"purchasable","12":"product-type-simple"},"acf":[],"_links":{"self":[{"href":"https:\/\/www.enelsatarim.com\/en\/wp-json\/wp\/v2\/product\/4185","targetHints":{"allow":["GET"]}}],"collection":[{"href":"https:\/\/www.enelsatarim.com\/en\/wp-json\/wp\/v2\/product"}],"about":[{"href":"https:\/\/www.enelsatarim.com\/en\/wp-json\/wp\/v2\/types\/product"}],"wp:featuredmedia":[{"embeddable":true,"href":"https:\/\/www.enelsatarim.com\/en\/wp-json\/wp\/v2\/media\/4191"}],"wp:attachment":[{"href":"https:\/\/www.enelsatarim.com\/en\/wp-json\/wp\/v2\/media?parent=4185"}],"wp:term":[{"taxonomy":"product_brand","embeddable":true,"href":"https:\/\/www.enelsatarim.com\/en\/wp-json\/wp\/v2\/product_brand?post=4185"},{"taxonomy":"product_cat","embeddable":true,"href":"https:\/\/www.enelsatarim.com\/en\/wp-json\/wp\/v2\/product_cat?post=4185"},{"taxonomy":"product_tag","embeddable":true,"href":"https:\/\/www.enelsatarim.com\/en\/wp-json\/wp\/v2\/product_tag?post=4185"}],"curies":[{"name":"wp","href":"https:\/\/api.w.org\/{rel}","templated":true}]}}