{"id":4188,"date":"2025-08-29T10:05:41","date_gmt":"2025-08-29T10:05:41","guid":{"rendered":"https:\/\/www.enelsatarim.com\/?post_type=product&#038;p=4188"},"modified":"2025-08-29T10:09:42","modified_gmt":"2025-08-29T10:09:42","slug":"enelsa-nk-mag","status":"publish","type":"product","link":"https:\/\/www.enelsatarim.com\/en\/urun\/enelsa-nk-mag\/","title":{"rendered":"ENELSA NK-MAG"},"content":{"rendered":"<p class=\"p1\"><b>Faydalar\u0131<\/b><\/p>\n<p class=\"p1\">Nitrat azotu i\u00e7eren potasyum a\u011f\u0131rl\u0131kl\u0131 bir bile\u015fendir.<\/p>\n<p class=\"p1\">Meyve b\u00fcy\u00fctme ve olgunla\u015ft\u0131rmaya yard\u0131mc\u0131 olur. Klor i\u00e7ermez.<\/p>\n<p>&nbsp;<\/p>\n<div class=\"table-responsive\">\n<table class=\"table table-striped\">\n<tbody>\n<tr>\n<td><strong>Garanti Edilen \u0130\u00e7erik<\/strong><\/td>\n<td><strong>%w\/w<\/strong><\/td>\n<\/tr>\n<tr>\n<td>Toplam Azot (N)<\/td>\n<td>3<\/td>\n<\/tr>\n<tr>\n<td>Nitrat Azotu (N)<\/td>\n<td>3<\/td>\n<\/tr>\n<tr>\n<td>Suda \u00c7\u00f6z\u00fcn\u00fcr Potasyum Oksit (K2O)<\/td>\n<td>31<\/td>\n<\/tr>\n<tr>\n<td>Suda \u00c7\u00f6z\u00fcn\u00fcr Magnezyum Oksit (MgO)<\/td>\n<td>2<\/td>\n<\/tr>\n<\/tbody>\n<\/table>\n<p class=\"p1\"><b>Ambalaj Ebatlar\u0131<\/b><\/p>\n<p class=\"p1\">25 Kg<\/p>\n<p>&nbsp;<\/p>\n<p class=\"p1\"><b>Kullan\u0131m D\u00f6nemi ve Dozaj\u0131<\/b><\/p>\n<p class=\"p1\">Meyve tutumunu takiben Yapraktan 200-250 gr\/da,<\/p>\n<p class=\"p1\">Topraktan 2-2,5 kg\/da<\/p>\n<\/div>\n","protected":false},"excerpt":{"rendered":"<p class=\"p1\">Nitrat azotu i\u00e7eren potasyum a\u011f\u0131rl\u0131kl\u0131 bir bile\u015fendir.<\/p>\n<p class=\"p1\">Meyve b\u00fcy\u00fctme ve olgunla\u015ft\u0131rmaya yard\u0131mc\u0131 olur. Klor i\u00e7ermez.<\/p>\n","protected":false},"featured_media":4189,"template":"","meta":{"_acf_changed":false,"content-type":""},"product_brand":[],"product_cat":[76],"product_tag":[],"class_list":{"0":"post-4188","1":"product","2":"type-product","3":"status-publish","4":"has-post-thumbnail","6":"product_cat-bitki-besleme","8":"first","9":"instock","10":"shipping-taxable","11":"purchasable","12":"product-type-simple"},"acf":[],"_links":{"self":[{"href":"https:\/\/www.enelsatarim.com\/en\/wp-json\/wp\/v2\/product\/4188","targetHints":{"allow":["GET"]}}],"collection":[{"href":"https:\/\/www.enelsatarim.com\/en\/wp-json\/wp\/v2\/product"}],"about":[{"href":"https:\/\/www.enelsatarim.com\/en\/wp-json\/wp\/v2\/types\/product"}],"wp:featuredmedia":[{"embeddable":true,"href":"https:\/\/www.enelsatarim.com\/en\/wp-json\/wp\/v2\/media\/4189"}],"wp:attachment":[{"href":"https:\/\/www.enelsatarim.com\/en\/wp-json\/wp\/v2\/media?parent=4188"}],"wp:term":[{"taxonomy":"product_brand","embeddable":true,"href":"https:\/\/www.enelsatarim.com\/en\/wp-json\/wp\/v2\/product_brand?post=4188"},{"taxonomy":"product_cat","embeddable":true,"href":"https:\/\/www.enelsatarim.com\/en\/wp-json\/wp\/v2\/product_cat?post=4188"},{"taxonomy":"product_tag","embeddable":true,"href":"https:\/\/www.enelsatarim.com\/en\/wp-json\/wp\/v2\/product_tag?post=4188"}],"curies":[{"name":"wp","href":"https:\/\/api.w.org\/{rel}","templated":true}]}}