{"id":4196,"date":"2025-08-29T10:19:22","date_gmt":"2025-08-29T10:19:22","guid":{"rendered":"https:\/\/www.enelsatarim.com\/?post_type=product&#038;p=4196"},"modified":"2025-08-29T10:23:32","modified_gmt":"2025-08-29T10:23:32","slug":"ramus","status":"publish","type":"product","link":"https:\/\/www.enelsatarim.com\/en\/urun\/ramus\/","title":{"rendered":"RAMUS"},"content":{"rendered":"<p class=\"p1\"><b>Faydalar\u0131<\/b><\/p>\n<p class=\"p1\">Yeni nesil teknoloji ile \u00fcretilmi\u015f y\u00fcksek oranl\u0131 azot kayna\u011f\u0131d\u0131r.<\/p>\n<p class=\"p1\">Azotla birlikte hareket eden t\u00fcm besin elementlerinin h\u0131zla bitki b\u00fcnyesine al\u0131nmas\u0131na ve bitki i\u00e7inde ta\u015f\u0131nmas\u0131na yard\u0131mc\u0131 olur.<\/p>\n<p>&nbsp;<\/p>\n<div class=\"table-responsive\">\n<table class=\"table table-striped\">\n<tbody>\n<tr>\n<td><strong>Garanti Edilen \u0130\u00e7erik<\/strong><\/td>\n<td><strong>%w\/w<\/strong><\/td>\n<\/tr>\n<tr>\n<td>Toplam Azot (N)<\/td>\n<td>22<\/td>\n<\/tr>\n<tr>\n<td>\u00dcre Azotu (N)<\/td>\n<td>22<\/td>\n<\/tr>\n<\/tbody>\n<\/table>\n<p class=\"p1\"><b>Ambalaj Ebatlar\u0131<\/b><\/p>\n<p class=\"p1\">20 Litre<\/p>\n<p>&nbsp;<\/p>\n<p class=\"p1\"><b>Kullan\u0131m D\u00f6nemi ve Dozaj\u0131<\/b><\/p>\n<p class=\"p1\">Bitkinin her d\u00f6neminde kullan\u0131labilir<\/p>\n<p class=\"p1\">Yapraktan 200-400 ml\/da<\/p>\n<p class=\"p1\">Topraktan 2-4 lt\/da<\/p>\n<\/div>\n","protected":false},"excerpt":{"rendered":"<p class=\"p1\">Yeni nesil teknoloji ile \u00fcretilmi\u015f y\u00fcksek oranl\u0131 azot kayna\u011f\u0131d\u0131r.<\/p>\n<p class=\"p1\">Azotla birlikte hareket eden t\u00fcm besin elementlerinin h\u0131zla bitki b\u00fcnyesine al\u0131nmas\u0131na ve bitki i\u00e7inde ta\u015f\u0131nmas\u0131na yard\u0131mc\u0131 olur.<\/p>\n","protected":false},"featured_media":4197,"template":"","meta":{"_acf_changed":false,"content-type":""},"product_brand":[],"product_cat":[76],"product_tag":[],"class_list":{"0":"post-4196","1":"product","2":"type-product","3":"status-publish","4":"has-post-thumbnail","6":"product_cat-bitki-besleme","8":"first","9":"instock","10":"shipping-taxable","11":"purchasable","12":"product-type-simple"},"acf":[],"_links":{"self":[{"href":"https:\/\/www.enelsatarim.com\/en\/wp-json\/wp\/v2\/product\/4196","targetHints":{"allow":["GET"]}}],"collection":[{"href":"https:\/\/www.enelsatarim.com\/en\/wp-json\/wp\/v2\/product"}],"about":[{"href":"https:\/\/www.enelsatarim.com\/en\/wp-json\/wp\/v2\/types\/product"}],"wp:featuredmedia":[{"embeddable":true,"href":"https:\/\/www.enelsatarim.com\/en\/wp-json\/wp\/v2\/media\/4197"}],"wp:attachment":[{"href":"https:\/\/www.enelsatarim.com\/en\/wp-json\/wp\/v2\/media?parent=4196"}],"wp:term":[{"taxonomy":"product_brand","embeddable":true,"href":"https:\/\/www.enelsatarim.com\/en\/wp-json\/wp\/v2\/product_brand?post=4196"},{"taxonomy":"product_cat","embeddable":true,"href":"https:\/\/www.enelsatarim.com\/en\/wp-json\/wp\/v2\/product_cat?post=4196"},{"taxonomy":"product_tag","embeddable":true,"href":"https:\/\/www.enelsatarim.com\/en\/wp-json\/wp\/v2\/product_tag?post=4196"}],"curies":[{"name":"wp","href":"https:\/\/api.w.org\/{rel}","templated":true}]}}