{"id":4202,"date":"2025-08-29T10:27:57","date_gmt":"2025-08-29T10:27:57","guid":{"rendered":"https:\/\/www.enelsatarim.com\/?post_type=product&#038;p=4202"},"modified":"2025-08-29T10:35:25","modified_gmt":"2025-08-29T10:35:25","slug":"hexaferrum","status":"publish","type":"product","link":"https:\/\/www.enelsatarim.com\/en\/urun\/hexaferrum\/","title":{"rendered":"HEXAFERRUM"},"content":{"rendered":"<p class=\"p1\"><b>Faydalar\u0131<\/b><\/p>\n<p class=\"p1\">EDDHA ile \u015felatlanm\u0131\u015f demir, \u00f6zel yap\u0131s\u0131 sayesinde bitki b\u00fcnyesine oksitlenmeden girer ve bitkinin demir ihtiyac\u0131n\u0131 kar\u015f\u0131lar<\/p>\n<p>&nbsp;<\/p>\n<div class=\"table-responsive\">\n<table class=\"table table-striped\">\n<tbody>\n<tr>\n<td><strong>Garanti Edilen \u0130\u00e7erik<\/strong><\/td>\n<td><strong>%w\/w<\/strong><\/td>\n<\/tr>\n<tr>\n<td>Suda \u00c7\u00f6z\u00fcn\u00fcr Demir (Fe)<\/td>\n<td>6<\/td>\n<\/tr>\n<tr>\n<td>EDDHA \u0130le \u015eelatl\u0131 Demir (Fe)<\/td>\n<td>4,8<\/td>\n<\/tr>\n<tr>\n<td>EDDHA \u015eelat\u0131n\u0131n Stabil Oldu\u011fu pH aral\u0131\u011f\u0131: Demir (Fe)<\/td>\n<td>3-11<\/td>\n<\/tr>\n<\/tbody>\n<\/table>\n<p class=\"p1\"><b>Ambalaj Ebatlar\u0131<\/b><\/p>\n<p class=\"p1\">1 Kg<\/p>\n<p class=\"p1\">5 Kg<\/p>\n<p class=\"p1\">15 Kg<\/p>\n<p>&nbsp;<\/p>\n<p class=\"p1\"><b>Kullan\u0131m D\u00f6nemi ve Dozaj\u0131<\/b><\/p>\n<p class=\"p1\">Bitkinin her d\u00f6neminde<\/p>\n<p class=\"p1\">Topraktan ihtiyaca g\u00f6re 250 gr ile 2 kg\/da<\/p>\n<\/div>\n","protected":false},"excerpt":{"rendered":"<p class=\"p1\">EDDHA ile \u015felatlanm\u0131\u015f demir, \u00f6zel yap\u0131s\u0131 sayesinde bitki b\u00fcnyesine oksitlenmeden girer ve bitkinin demir ihtiyac\u0131n\u0131 kar\u015f\u0131lar<\/p>\n","protected":false},"featured_media":4203,"template":"","meta":{"_acf_changed":false,"content-type":""},"product_brand":[],"product_cat":[76],"product_tag":[],"class_list":{"0":"post-4202","1":"product","2":"type-product","3":"status-publish","4":"has-post-thumbnail","6":"product_cat-bitki-besleme","8":"first","9":"instock","10":"shipping-taxable","11":"purchasable","12":"product-type-simple"},"acf":[],"_links":{"self":[{"href":"https:\/\/www.enelsatarim.com\/en\/wp-json\/wp\/v2\/product\/4202","targetHints":{"allow":["GET"]}}],"collection":[{"href":"https:\/\/www.enelsatarim.com\/en\/wp-json\/wp\/v2\/product"}],"about":[{"href":"https:\/\/www.enelsatarim.com\/en\/wp-json\/wp\/v2\/types\/product"}],"wp:featuredmedia":[{"embeddable":true,"href":"https:\/\/www.enelsatarim.com\/en\/wp-json\/wp\/v2\/media\/4203"}],"wp:attachment":[{"href":"https:\/\/www.enelsatarim.com\/en\/wp-json\/wp\/v2\/media?parent=4202"}],"wp:term":[{"taxonomy":"product_brand","embeddable":true,"href":"https:\/\/www.enelsatarim.com\/en\/wp-json\/wp\/v2\/product_brand?post=4202"},{"taxonomy":"product_cat","embeddable":true,"href":"https:\/\/www.enelsatarim.com\/en\/wp-json\/wp\/v2\/product_cat?post=4202"},{"taxonomy":"product_tag","embeddable":true,"href":"https:\/\/www.enelsatarim.com\/en\/wp-json\/wp\/v2\/product_tag?post=4202"}],"curies":[{"name":"wp","href":"https:\/\/api.w.org\/{rel}","templated":true}]}}